{"id":236,"date":"2020-08-29T10:47:51","date_gmt":"2020-08-29T10:47:51","guid":{"rendered":"https:\/\/viaticumrescue.eu\/?page_id=236"},"modified":"2022-06-14T17:01:37","modified_gmt":"2022-06-14T17:01:37","slug":"bem-vinda","status":"publish","type":"page","link":"https:\/\/www.viaticumrescue.eu\/pt-pt\/","title":{"rendered":"Bem-vindos"},"content":{"rendered":"<p style=\"text-align: justify;\">O projeto VIATICUM (Volunt\u00e1rios em A\u00e7\u00e3o para Melhorar a Uni\u00e3o, e Compet\u00eancias e Camaradagem), nasceu em 2019 quando a Associa\u00e7\u00e3o Edelweiss obteve fundos europeus no \u00e2mbito do fluxo de programa Erasmus + Key Action 2, em particular parcerias estrat\u00e9gicas para a educa\u00e7\u00e3o de adultos.<\/p>\n<p style=\"text-align: justify;\">Participando no projeto 9 Paises: EDELWEISS (IT\u00c1LIA) &#8211; E.F.R.U. (MALTA) \u2013 SARTEAM &#8211; EPS (PORTUGAL) &#8211; EPOMEA (GREECE) &#8211; SERVE ON (UK) &#8211; O.P.V.E. (HUNGRIA) &#8211; P.U.I. (FRAN\u00c7A) &#8211; U.C.R.S. (ESPANHA) &#8211; S.R.T. (S\u00c9RVIA)<br \/>\nEste projeto \u00e9 a continua\u00e7\u00e3o natural de outro projeto, tamb\u00e9m europeu, intitulado &#8220;Synergising European Volunteer Rescue Teams &#8211; A Rescue Operations Manual&#8221; de 2015 dirigido pela E.F.R.U. (Emergency Fire &amp; Rescue Unit) de Malta, com 5 outros parceiros internacionais: EDELWEISS (IT\u00c1LIA) \u2013 SARTEAM EPS (PORTUGAL) &#8211; EPOMEA (GR\u00c9CIA) &#8211; SERVE ON (Reino Unido) &#8211; CCPVC (CHIPRE)<\/p>\n<p style=\"text-align: justify;\">Os parceiros do projeto V.I.A.T.I.C.U.M. em conjunto com outras equipas: CCPVC (CHIPRE) &#8211; SARAID (Reino Unido) &#8211; B.V.Peniche (PORTUGAL) &#8211; R.GR (GR\u00c9CIA) &#8211; ANGELI DELLA SILA (IT\u00c1LIA) &#8211; ANTELAO (IT\u00c1LIA) mant\u00eam o contacto atrav\u00e9s de uma Associa\u00e7\u00e3o Internacional denominada EVOLSAR (Associa\u00e7\u00e3o Europeia de Equipas de Volunt\u00e1rios da Protec\u00e7\u00e3o Civil), na qual realizam exerc\u00edcios e forma\u00e7\u00e3o na \u00e1rea da Protec\u00e7\u00e3o Civil.<\/p>\n","protected":false},"excerpt":{"rendered":"<p>O projeto VIATICUM (Volunt\u00e1rios em A\u00e7\u00e3o para Melhorar a Uni\u00e3o, e Compet\u00eancias e Camaradagem), nasceu em 2019 quando a Associa\u00e7\u00e3o Edelweiss obteve fundos europeus no \u00e2mbito do fluxo de programa Erasmus + Key Action 2, em particular parcerias estrat\u00e9gicas para a educa\u00e7\u00e3o de adultos. Participando no projeto 9 Paises: EDELWEISS (IT\u00c1LIA) &#8211; E.F.R.U. (MALTA) \u2013 [&hellip;]<\/p>\n","protected":false},"author":1,"featured_media":0,"parent":0,"menu_order":0,"comment_status":"closed","ping_status":"closed","template":"","meta":[],"_links":{"self":[{"href":"https:\/\/www.viaticumrescue.eu\/pt-pt\/wp-json\/wp\/v2\/pages\/236"}],"collection":[{"href":"https:\/\/www.viaticumrescue.eu\/pt-pt\/wp-json\/wp\/v2\/pages"}],"about":[{"href":"https:\/\/www.viaticumrescue.eu\/pt-pt\/wp-json\/wp\/v2\/types\/page"}],"author":[{"embeddable":true,"href":"https:\/\/www.viaticumrescue.eu\/pt-pt\/wp-json\/wp\/v2\/users\/1"}],"replies":[{"embeddable":true,"href":"https:\/\/www.viaticumrescue.eu\/pt-pt\/wp-json\/wp\/v2\/comments?post=236"}],"version-history":[{"count":3,"href":"https:\/\/www.viaticumrescue.eu\/pt-pt\/wp-json\/wp\/v2\/pages\/236\/revisions"}],"predecessor-version":[{"id":1041,"href":"https:\/\/www.viaticumrescue.eu\/pt-pt\/wp-json\/wp\/v2\/pages\/236\/revisions\/1041"}],"wp:attachment":[{"href":"https:\/\/www.viaticumrescue.eu\/pt-pt\/wp-json\/wp\/v2\/media?parent=236"}],"curies":[{"name":"wp","href":"https:\/\/api.w.org\/{rel}","templated":true}]}}