{"id":234,"date":"2020-08-29T10:45:57","date_gmt":"2020-08-29T10:45:57","guid":{"rendered":"https:\/\/viaticumrescue.eu\/?page_id=234"},"modified":"2020-08-29T10:45:58","modified_gmt":"2020-08-29T10:45:58","slug":"merhba","status":"publish","type":"page","link":"https:\/\/www.viaticumrescue.eu\/mt\/","title":{"rendered":"Mer\u0127ba"},"content":{"rendered":"<p style=\"text-align: justify;\">Il-pro\u0121ett VIATICUM (Volunteers in Action to Improve Competences Union and Mood) tnieda fl-2019 meta l-asso\u010bjazzjoni Edelweiss kisbet fondi Ewropej b\u0127ala parti mill-fondi Erasmus+ Key Action 2: Asso\u010bjazzjonijiet Strate\u0121i\u010bi g\u0127all-Edukazzjoni tal-Adulti.<\/p>\n<p style=\"text-align: justify;\">G\u0127aqdiet minn 9 pajji\u017ci pparte\u010bipaw f&#8217;dan il-pro\u0121ett: Edelweiss (L-ITALJA) &#8211; Emergency Fire &amp; Rescue Unit (MALTA) &#8211; Escola Portuguesa de Salvamento (IL-PORTUGALL) \u2013 Elite Team Special Missions of Greece (IL-GRE\u010aJA) \u2013 Serve On (IR-RENJU UNIT) \u2013 Central Buda Volunteer Civil Protection Assotiation (L-UNGERIJA) \u2013 Pompiers de l\u2019Urgence Internationale (FRANZA) \u2013 Unidad Canina de Rescate y Salvamento (SPANJA) \u2013 Serbian Rescue Team (IS-SERBJA).<\/p>\n<p style=\"text-align: justify;\">Dan il-pro\u0121ett huwa kontinwazzjoni ta&#8217; pro\u0121ett Ewropew ie\u0127or, &#8220;Synergising European Volunteer Rescue Teams &#8211; A Rescue Operations Manual&#8221; li beda fl-2015 ta\u0127t id-direzzjoni tal-Emergency Fire &amp; Rescue Unit (Malta) u bil-parte\u010bipazzjoni ta&#8217; 5 partners: EDELWEISS (L-ITALJA) \u2013 ESCOLA PORTUGUESA DE SALVAMENTO (IL-PORTUGALL) &#8211; ELITE TEAM SPECIAL MISSIONS OF GREECE (IL-GRE\u010aJA) \u2013 SERVE ON (IR-RENJU UNIT) \u2013 CYPRUS CIVIL PROTECTION VOLUNTEERS CORP (\u010aIPRU).<\/p>\n<p style=\"text-align: justify;\">Il-partners ta&#8217; VIATICUM, flimkien ma&#8217; timijiet o\u0127ra &#8211; CYPRUS CIVIL PROTECTION VOLUNTEERS CORP (\u010aIPRU) &#8211; SARAID (IR-RENJU UNIT) \u2013 BOMBEIROS VOLUNTARIOS PENICHE (IL-PORTUGALL) \u2013 BOMBEIROS VOLUNTARIOS MOSCAVIDE E PORTELA (IL-PORTUGAL) &#8211; RESCUE GR (IL-GRE\u010aJA) \u2013 ANGELI DELLA SILA (L-ITALJA) \u2013 ANTELAO (L-ITALJA) &#8211; i\u017commu kuntatt permezz tal-asso\u010bjazzjoni internazzjonali EVOLSAR (European Association of Civil Protection Volunteer Teams), fejn jit\u0127arr\u0121u flimkien permezz ta&#8217; e\u017cer\u010bizzji fil-qasam tal-protezzjoni \u010bivili.<\/p>\n","protected":false},"excerpt":{"rendered":"<p>Il-pro\u0121ett VIATICUM (Volunteers in Action to Improve Competences Union and Mood) tnieda fl-2019 meta l-asso\u010bjazzjoni Edelweiss kisbet fondi Ewropej b\u0127ala parti mill-fondi Erasmus+ Key Action 2: Asso\u010bjazzjonijiet Strate\u0121i\u010bi g\u0127all-Edukazzjoni tal-Adulti. G\u0127aqdiet minn 9 pajji\u017ci pparte\u010bipaw f&#8217;dan il-pro\u0121ett: Edelweiss (L-ITALJA) &#8211; Emergency Fire &amp; Rescue Unit (MALTA) &#8211; Escola Portuguesa de Salvamento (IL-PORTUGALL) \u2013 Elite Team [&hellip;]<\/p>\n","protected":false},"author":1,"featured_media":0,"parent":0,"menu_order":0,"comment_status":"closed","ping_status":"closed","template":"","meta":[],"_links":{"self":[{"href":"https:\/\/www.viaticumrescue.eu\/mt\/wp-json\/wp\/v2\/pages\/234"}],"collection":[{"href":"https:\/\/www.viaticumrescue.eu\/mt\/wp-json\/wp\/v2\/pages"}],"about":[{"href":"https:\/\/www.viaticumrescue.eu\/mt\/wp-json\/wp\/v2\/types\/page"}],"author":[{"embeddable":true,"href":"https:\/\/www.viaticumrescue.eu\/mt\/wp-json\/wp\/v2\/users\/1"}],"replies":[{"embeddable":true,"href":"https:\/\/www.viaticumrescue.eu\/mt\/wp-json\/wp\/v2\/comments?post=234"}],"version-history":[{"count":1,"href":"https:\/\/www.viaticumrescue.eu\/mt\/wp-json\/wp\/v2\/pages\/234\/revisions"}],"predecessor-version":[{"id":235,"href":"https:\/\/www.viaticumrescue.eu\/mt\/wp-json\/wp\/v2\/pages\/234\/revisions\/235"}],"wp:attachment":[{"href":"https:\/\/www.viaticumrescue.eu\/mt\/wp-json\/wp\/v2\/media?parent=234"}],"curies":[{"name":"wp","href":"https:\/\/api.w.org\/{rel}","templated":true}]}}