{"id":241,"date":"2020-08-29T10:55:05","date_gmt":"2020-08-29T10:55:05","guid":{"rendered":"https:\/\/viaticumrescue.eu\/?page_id=241"},"modified":"2022-06-04T16:45:41","modified_gmt":"2022-06-04T16:45:41","slug":"udvozoljuk","status":"publish","type":"page","link":"https:\/\/www.viaticumrescue.eu\/hu\/","title":{"rendered":"F\u0151oldal"},"content":{"rendered":"<p style=\"text-align: justify;\">A V.I.A.T.I.C.U.M. projekt (Volunteers In Action To Improve Competences Union and Mood \u2013 \u00d6nk\u00e9ntesek akci\u00f3ban a kompetenci\u00e1k, egys\u00e9gess\u00e9g \u00e9s csapatszellem fejleszt\u00e9s\u00e9\u00e9rt) 2019-ben sz\u00fcletett, amikor az Edelweiss Egyes\u00fclet eur\u00f3pai forr\u00e1shoz jutott az Erasmus+ 2. kulcs akci\u00f3j\u00e1nak t\u00e1mogat\u00e1si forr\u00e1s\u00e1b\u00f3l, amely a feln\u0151ttk\u00e9pz\u00e9si strat\u00e9giai partners\u00e9geket t\u00e1mogatja.<\/p>\n<p style=\"text-align: justify;\">Kilenc nemzet vesz r\u00e9szt a projekt megval\u00f3s\u00edt\u00e1s\u00e1ban: EDELWEISS (Olaszorsz\u00e1g) \u2013 E.F.R.U., T\u0171zolt\u00f3 \u00e9s Ment\u0151egys\u00e9g (M\u00e1lta) \u2013 E.P.S., Ment\u00e9si Iskola Kutat\u00f3-ment\u0151 csoportja (Portug\u00e1lia) \u2013 EPOMEA, K\u00fcl\u00f6nleges Ment\u0151egys\u00e9g (G\u00f6r\u00f6gorsz\u00e1g) &#8211; SERVE ON (Egyes\u00fclt Kir\u00e1lys\u00e1g) &#8211; \u00d6.P.V.E., K\u00f6z\u00e9p-Budai \u00d6nk\u00e9ntes Polg\u00e1ri V\u00e9delmi Egyes\u00fclet (Magyarorsz\u00e1g) &#8211; P.U.I., Nemzetk\u00f6zi S\u00fcrg\u0151ss\u00e9gi T\u0171zolt\u00f3egys\u00e9g (Franciaorsz\u00e1g) &#8211; U.C.R.S., Kuty\u00e1s Kutat\u00f3 \u00e9s Ment\u0151egys\u00e9g (Spanyolorsz\u00e1g) &#8211; S.R.T., Szerb Ment\u0151csapat (Szerbia).<\/p>\n<p style=\"text-align: justify;\">Ez a projekt term\u00e9szetes folytat\u00e1sa az E.F.R.U. (T\u0171zolt\u00f3 \u00e9s Ment\u0151egys\u00e9g M\u00e1lta) \u00e1ltal vezetett \u201eSynergizing European Volunteer Rescue Teams &#8211; A Rescue Operations Manual\u201d azaz \u201cEur\u00f3pai \u00d6nk\u00e9ntes Ment\u0151csapatok Egy\u00fcttm\u0171k\u00f6d\u00e9s\u00e9nek fejleszt\u00e9se \u2013 Ment\u00e9si M\u0171veletek K\u00e9zik\u00f6nyve\u201d 2015. \u00e9vi projektnek. A projektben \u00f6t m\u00e1sik nemzetk\u00f6zi partner is r\u00e9szt vett: EDELWEISS (Olaszorsz\u00e1g) \u2013 E.P.S., Ment\u00e9si Iskola Kutat\u00f3-ment\u0151 csoportja (Portug\u00e1lia) \u2013 EPOMEA, K\u00fcl\u00f6nleges Ment\u0151egys\u00e9g (G\u00f6r\u00f6gorsz\u00e1g) \u2013 SERVE ON (Egyes\u00fclt Kir\u00e1lys\u00e1g) \u2013 CCPVC Ciprusi Polg\u00e1ri V\u00e9delmi \u00d6nk\u00e9ntes Csapatok (Ciprus).<\/p>\n<p style=\"text-align: justify;\">A V.I.A.T.I.C.U.M. projekt r\u00e9sztvev\u0151i \u00e9s m\u00e1s csapatok is {CCPVC Ciprusi Polg\u00e1ri V\u00e9delmi \u00d6nk\u00e9ntes Csapatok (Ciprus) \u2013 B.V.P., Peniche-i \u00d6nk\u00e9ntes T\u0171zolt\u00f3s\u00e1g (Portug\u00e1lia) \u2013 R.GR, Rescue GR (G\u00f6r\u00f6gorsz\u00e1g) \u2013 ANGELI DELLA SILA, \u00d6nk\u00e9ntes Polg\u00e1ri V\u00e9delmi Csapat (Olaszorsz\u00e1g) \u2013 ANTELAO, \u00d6nk\u00e9ntes Polg\u00e1ri V\u00e9delmi Csapat (Olaszorsz\u00e1g)} az EVOLSAR (European Association of Civil Protection Volunteer Teams \u2013 \u00d6nk\u00e9ntes Polg\u00e1ri V\u00e9delmi Csapatok Eur\u00f3pai Egyes\u00fclete) elnevez\u00e9s\u0171 nemzetk\u00f6zi szervezetben m\u00e9ly\u00edtik el egy\u00fcttm\u0171k\u00f6d\u00e9s\u00fcket, amely keretein bel\u00fcl polg\u00e1ri v\u00e9delmi c\u00e9l\u00fa k\u00e9pz\u00e9seket \u00e9s gyakorlatokat szerveznek.<\/p>\n","protected":false},"excerpt":{"rendered":"<p>A V.I.A.T.I.C.U.M. projekt (Volunteers In Action To Improve Competences Union and Mood \u2013 \u00d6nk\u00e9ntesek akci\u00f3ban a kompetenci\u00e1k, egys\u00e9gess\u00e9g \u00e9s csapatszellem fejleszt\u00e9s\u00e9\u00e9rt) 2019-ben sz\u00fcletett, amikor az Edelweiss Egyes\u00fclet eur\u00f3pai forr\u00e1shoz jutott az Erasmus+ 2. kulcs akci\u00f3j\u00e1nak t\u00e1mogat\u00e1si forr\u00e1s\u00e1b\u00f3l, amely a feln\u0151ttk\u00e9pz\u00e9si strat\u00e9giai partners\u00e9geket t\u00e1mogatja. Kilenc nemzet vesz r\u00e9szt a projekt megval\u00f3s\u00edt\u00e1s\u00e1ban: EDELWEISS (Olaszorsz\u00e1g) \u2013 E.F.R.U., T\u0171zolt\u00f3 [&hellip;]<\/p>\n","protected":false},"author":1,"featured_media":0,"parent":0,"menu_order":0,"comment_status":"closed","ping_status":"closed","template":"","meta":[],"_links":{"self":[{"href":"https:\/\/www.viaticumrescue.eu\/hu\/wp-json\/wp\/v2\/pages\/241"}],"collection":[{"href":"https:\/\/www.viaticumrescue.eu\/hu\/wp-json\/wp\/v2\/pages"}],"about":[{"href":"https:\/\/www.viaticumrescue.eu\/hu\/wp-json\/wp\/v2\/types\/page"}],"author":[{"embeddable":true,"href":"https:\/\/www.viaticumrescue.eu\/hu\/wp-json\/wp\/v2\/users\/1"}],"replies":[{"embeddable":true,"href":"https:\/\/www.viaticumrescue.eu\/hu\/wp-json\/wp\/v2\/comments?post=241"}],"version-history":[{"count":2,"href":"https:\/\/www.viaticumrescue.eu\/hu\/wp-json\/wp\/v2\/pages\/241\/revisions"}],"predecessor-version":[{"id":1028,"href":"https:\/\/www.viaticumrescue.eu\/hu\/wp-json\/wp\/v2\/pages\/241\/revisions\/1028"}],"wp:attachment":[{"href":"https:\/\/www.viaticumrescue.eu\/hu\/wp-json\/wp\/v2\/media?parent=241"}],"curies":[{"name":"wp","href":"https:\/\/api.w.org\/{rel}","templated":true}]}}