{"id":230,"date":"2020-08-29T10:42:25","date_gmt":"2020-08-29T10:42:25","guid":{"rendered":"https:\/\/viaticumrescue.eu\/?page_id=230"},"modified":"2020-08-29T10:42:27","modified_gmt":"2020-08-29T10:42:27","slug":"bienvenue","status":"publish","type":"page","link":"https:\/\/www.viaticumrescue.eu\/fr\/","title":{"rendered":"Bienvenue"},"content":{"rendered":"<p style=\"text-align: justify;\">Le projet V.I.A.T.I.C.U.M. (Volunteers In Action To Improve Competences Union and Mood \u2013 Volontaires en Action pour Ameliorer les Competences d\u2019Union et d\u2019Humeur) est n\u00e9 en 2019 lorsque l&rsquo;association Edelweiss a obtenu des fonds europ\u00e9ens au cadre du Programme Erasmus+ Action Cl\u00e9 2, en particulier pour des partenariats strat\u00e9giques pour l&rsquo;\u00e9ducation des adultes.<\/p>\n<p style=\"text-align: justify;\">Dans le projet, il y a 9 pays qui participent : EDELWEISS (Italie) &#8211; Unit\u00e9 d&rsquo;Incendie et de Sauvetage (EFRU &#8211; Malte) \u2013 Ecole de Sauvetage (EPS &#8211; Portugal) &#8211; Missions sp\u00e9ciales de l&rsquo;\u00e9quipe \u00e9lite de Gr\u00e8ce (EPOMEA Gr\u00e8ce) &#8211; SERVE ON (Royaume-Uni) \u2013 Organisation des Volontaires de Protection Civile de Buda Centrale (OPVE &#8211; Hongrie) \u2013 Pompiers de L\u2019Urgence Internationale (PUI France) &#8211; UCRS (Espagne) &#8211; \u00c9quipe de Sauvetage (S.R.T. &#8211; Serbie).<\/p>\n<p style=\"text-align: justify;\">Ce projet est la continuation naturelle d\u2019un autre projet Europ\u00e9en, qui s\u2019appelle \u00abCoop\u00e9ration des \u00e9quipes volontieres europ\u00e9ennes de Sauvetage &#8211; Manuel des op\u00e9rations de sauvetage\u00bb qui etait achev\u00e9 en 2015 ayant comme Coordinateur l\u2019 Unit\u00e9 d&rsquo;Incendie et de Sauvetage (EFRU &#8211; Malte) \u2013 et cinq partenaires internationaux : EDELWEISS (Italie), Ecole de Sauvetage (EPS &#8211; Portugal), Missionss sp\u00e9ciales de l&rsquo;\u00e9quipe \u00e9lite de Gr\u00e8ce (EPOMEA Gr\u00e8ce), SERVE ON (Royaume-Uni) et Association des Volontaires de Protection Civile (Chypre).<\/p>\n<p style=\"text-align: justify;\">Les partenaires du projet V.I.A.T.I.C.U.M. avec des autres \u00e9quipes comme: Association des Volontaires de Protection Civile (Chypre) (CCPVC &#8211; Chypre), Fondation Caritative (SARAID &#8211; UK), Pompiers Volontaires de Peniche (BVP Portugal), Pompiers Volontaires de Moscavide e Portela (BVMP Portugal), Equipe Hell\u00e9nique de Sauvetage (Gr\u00e8ce), Protection Civile Angeli della Sila (Italie), Antelao (Italie) sont en contact permanent par l&rsquo;interm\u00e9diaire de l&rsquo; Association Europ\u00e9enne des Equipes Volontaires de Protection Civile (EVOLSAR) dans laquelle elles effectuent des exercices de formation de protection civile.<\/p>\n","protected":false},"excerpt":{"rendered":"<p>Le projet V.I.A.T.I.C.U.M. (Volunteers In Action To Improve Competences Union and Mood \u2013 Volontaires en Action pour Ameliorer les Competences d\u2019Union et d\u2019Humeur) est n\u00e9 en 2019 lorsque l&rsquo;association Edelweiss a obtenu des fonds europ\u00e9ens au cadre du Programme Erasmus+ Action Cl\u00e9 2, en particulier pour des partenariats strat\u00e9giques pour l&rsquo;\u00e9ducation des adultes. Dans le [&hellip;]<\/p>\n","protected":false},"author":1,"featured_media":0,"parent":0,"menu_order":0,"comment_status":"closed","ping_status":"closed","template":"","meta":[],"_links":{"self":[{"href":"https:\/\/www.viaticumrescue.eu\/fr\/wp-json\/wp\/v2\/pages\/230"}],"collection":[{"href":"https:\/\/www.viaticumrescue.eu\/fr\/wp-json\/wp\/v2\/pages"}],"about":[{"href":"https:\/\/www.viaticumrescue.eu\/fr\/wp-json\/wp\/v2\/types\/page"}],"author":[{"embeddable":true,"href":"https:\/\/www.viaticumrescue.eu\/fr\/wp-json\/wp\/v2\/users\/1"}],"replies":[{"embeddable":true,"href":"https:\/\/www.viaticumrescue.eu\/fr\/wp-json\/wp\/v2\/comments?post=230"}],"version-history":[{"count":1,"href":"https:\/\/www.viaticumrescue.eu\/fr\/wp-json\/wp\/v2\/pages\/230\/revisions"}],"predecessor-version":[{"id":231,"href":"https:\/\/www.viaticumrescue.eu\/fr\/wp-json\/wp\/v2\/pages\/230\/revisions\/231"}],"wp:attachment":[{"href":"https:\/\/www.viaticumrescue.eu\/fr\/wp-json\/wp\/v2\/media?parent=230"}],"curies":[{"name":"wp","href":"https:\/\/api.w.org\/{rel}","templated":true}]}}